{"id":61,"date":"2015-08-02T10:41:58","date_gmt":"2015-08-02T08:41:58","guid":{"rendered":"http:\/\/notfall-biel.citykey.ch\/?page_id=61"},"modified":"2025-07-29T16:08:02","modified_gmt":"2025-07-29T14:08:02","slug":"61-2","status":"publish","type":"page","link":"https:\/\/www.notfall-biel.ch\/fr\/","title":{"rendered":"Num\u00e9ro de l&rsquo;urgences"},"content":{"rendered":"<table class=\"tableNummern\">\r\n<tbody>\r\n<tr>\r\n<td width=\"60px\"><strong>117<\/strong><\/td>\r\n<td width=\"230px\"><a href=\"https:\/\/www.police.be.ch\/police\/fr\/index\/ueber-uns\/organisation\/wachen\/polizeiwachen_region.html?RegioCode=4\" target=\"_blank\" rel=\"noopener noreferrer\">Police<\/a><\/td>\r\n<td width=\"90px\">\u00a0<\/td>\r\n<td width=\"200px\"><a href=\"https:\/\/www.notfall-biel.ch\/fr\/pharmacies\/\"><strong>0842 24 24 24<\/strong><\/a><br \/><small>Num\u00e9ro gratuit<\/small><\/td>\r\n<td width=\"90px\"><a href=\"https:\/\/www.notfall-biel.ch\/fr\/pharmacies\/\">Pharmacies<\/a><\/td>\r\n<\/tr>\r\n<tr>\r\n<td><strong>118<\/strong><\/td>\r\n<td><a href=\"https:\/\/www.biennafire.ch\/franais\/\" target=\"_blank\" rel=\"noopener noreferrer\">Pompiers<\/a><\/td>\r\n<td>\u00a0<\/td>\r\n<td><small>(diverses num\u00e9ros)<\/small><\/td>\r\n<td><a href=\"https:\/\/www.notfall-biel.ch\/fr\/hopitaux\/\">H\u00f4pitaux<\/a><\/td>\r\n<\/tr>\r\n<tr>\r\n<td><strong>143<\/strong><\/td>\r\n<td><a href=\"https:\/\/bienne.143.ch\" target=\"_blank\" rel=\"noopener noreferrer\">Main tendues<\/a><\/td>\r\n<td>\u00a0<\/td>\r\n<td><small>(diverses num\u00e9ros)<\/small><\/td>\r\n<td><a href=\"https:\/\/www.notfall-biel.ch\/fr\/medecins\/\">M\u00e9decins<\/a><\/td>\r\n<\/tr>\r\n<tr>\r\n<td><strong>144<\/strong><\/td>\r\n<td><a href=\"http:\/\/www.ambulanz-biel.ch\/index_fr.cfm\/pid\/78\/lang\/f\/\" target=\"_blank\" rel=\"noopener noreferrer\">Ambulance<\/a><\/td>\r\n<td>\u00a0<\/td>\r\n<td><strong><small>0900 900 024<\/small><\/strong><\/td>\r\n<td><a href=\"https:\/\/www.notfall-biel.ch\/fr\/pediatres\/\">P\u00e9diatres<\/a><br \/>(Medgate)<\/td>\r\n<\/tr>\r\n<tr>\r\n<td><strong>145<\/strong><\/td>\r\n<td><a href=\"https:\/\/toxinfo.ch\/startseite_fr\" target=\"_blank\" rel=\"noopener noreferrer\">Tox<\/a><\/td>\r\n<td>\u00a0<\/td>\r\n<td><small><strong>0900 903 903<br \/><\/strong><small>CHF 1.95\/Min r\u00e9seau fixe<\/small><\/small><\/td>\r\n<td><a href=\"https:\/\/www.notfall-biel.ch\/fr\/dentistes\/\">Dentistes<\/a><\/td>\r\n<\/tr>\r\n<tr>\r\n<td><strong>147<\/strong><\/td>\r\n<td><a href=\"https:\/\/www.147.ch\/fr\/\" target=\"_blank\" rel=\"noopener noreferrer\">Enfants et jeunes<\/a><\/td>\r\n<td>\u00a0<\/td>\r\n<td><strong>0900 099 990<br \/><\/strong><small>CHF 2.00\/Min r\u00e9seau fixe<\/small><\/td>\r\n<td><a href=\"https:\/\/www.notfall-biel.ch\/fr\/veterinaires\/\">V\u00e9t\u00e9rinaires<\/a><\/td>\r\n<\/tr>\r\n<tr>\r\n<td><strong>1414<\/strong><\/td>\r\n<td><a href=\"http:\/\/www.rega.ch\/fr\/home.aspx\" target=\"_blank\" rel=\"noopener noreferrer\">Rega<\/a><\/td>\r\n<td>\u00a0<\/td>\r\n<td><strong>0848 35 45 55<\/strong><br \/><small>Tarif r\u00e9seau fixe<\/small><\/td>\r\n<td><a href=\"http:\/\/www.elternnotruf.ch\/fr\/\" target=\"_blank\" rel=\"noopener noreferrer\">Parents<\/a><\/td>\r\n<\/tr>\r\n<\/tbody>\r\n<\/table>\r\n\r\n<p>&nbsp;<\/p>\r\n","protected":false},"excerpt":{"rendered":"<p>117 Police \u00a0 0842 24 24 24Num\u00e9ro gratuit Pharmacies 118 Pompiers \u00a0 (diverses num\u00e9ros) H\u00f4pitaux 143 Main tendues \u00a0 (diverses num\u00e9ros) M\u00e9decins 144 Ambulance \u00a0 0900 900 024 P\u00e9diatres(Medgate) 145 Tox \u00a0 0900 903 903CHF 1.95\/Min r\u00e9seau fixe Dentistes 147 Enfants et jeunes \u00a0 0900 099 990CHF 2.00\/Min r\u00e9seau fixe V\u00e9t\u00e9rinaires 1414 Rega \u00a0 0848 [&hellip;]<\/p>\n","protected":false},"author":1,"featured_media":0,"parent":0,"menu_order":0,"comment_status":"closed","ping_status":"closed","template":"","meta":{"footnotes":""},"class_list":["post-61","page","type-page","status-publish","hentry"],"_links":{"self":[{"href":"https:\/\/www.notfall-biel.ch\/fr\/wp-json\/wp\/v2\/pages\/61","targetHints":{"allow":["GET"]}}],"collection":[{"href":"https:\/\/www.notfall-biel.ch\/fr\/wp-json\/wp\/v2\/pages"}],"about":[{"href":"https:\/\/www.notfall-biel.ch\/fr\/wp-json\/wp\/v2\/types\/page"}],"author":[{"embeddable":true,"href":"https:\/\/www.notfall-biel.ch\/fr\/wp-json\/wp\/v2\/users\/1"}],"replies":[{"embeddable":true,"href":"https:\/\/www.notfall-biel.ch\/fr\/wp-json\/wp\/v2\/comments?post=61"}],"version-history":[{"count":35,"href":"https:\/\/www.notfall-biel.ch\/fr\/wp-json\/wp\/v2\/pages\/61\/revisions"}],"predecessor-version":[{"id":757,"href":"https:\/\/www.notfall-biel.ch\/fr\/wp-json\/wp\/v2\/pages\/61\/revisions\/757"}],"wp:attachment":[{"href":"https:\/\/www.notfall-biel.ch\/fr\/wp-json\/wp\/v2\/media?parent=61"}],"curies":[{"name":"wp","href":"https:\/\/api.w.org\/{rel}","templated":true}]}}